{"id":384,"date":"2018-05-26T08:35:15","date_gmt":"2018-05-26T08:35:15","guid":{"rendered":"http:\/\/civilresilience.net\/?page_id=384"},"modified":"2023-09-26T20:40:51","modified_gmt":"2023-09-26T18:40:51","slug":"datenschutzerklaerung","status":"publish","type":"page","link":"https:\/\/civilresilience.net\/de\/datenschutzerklaerung\/","title":{"rendered":"Datenschutzerkl\u00e4rung"},"content":{"rendered":"\n<p>Seit Mai 2018 ist gl\u00fccklicherweise die Datenschutzgrundverordnung in Kraft getreten. Das ist sehr gut, weil allzu viele Organisationen und Unternehmen Daten nur als Rohstoff behandelt haben, der gar nicht mehr denen geh\u00f6rt, die sie urpr\u00fcnglich einmal zur Verf\u00fcgung stellten. Wir sollten also alle gl\u00fccklich \u00fcber das Europ\u00e4ische Parlament sein, denn nun wurden die Nutzerrechte gest\u00e4rkt. Der Grund f\u00fcr diese optimistischen Zeilen wird hier weiter erl\u00e4utert: <a href=\"https:\/\/deinedatendeinerechte.de\" target=\"_blank\" rel=\"noopener noreferrer\">https:\/\/deinedatendeinerechte.de<\/a><\/p>\n\n\n\n<p>Am Beispiel dieser Website kannst Du erkennen, wie das blo\u00dfe Benutzen eines etablierten Standardsystems wie WordPress auf Betreiberseite, sowie das blo\u00dfe Anklicken einer Website auf Userseite schon personenbezogene Daten erzeugt. Das war zwar schon seit Erfindung des Webservers so, allerdings wird das heute von zu Vielen zu gezielt und zu effizient genutzt. Wenn Dich das Lesen von Datenschutzerkl\u00e4rungen motiviert, weiter zu lesen, dann empfehlen wir: <a href=\"https:\/\/competendo.net\/en\/Privacy_Protection\" target=\"_blank\" rel=\"noreferrer noopener\">Competendo Digital Toolbox<\/a><\/p>\n\n\n\n<p>Die Einf\u00fchrung dieser strengen Regeln ist auch mit neuen Unsicherheiten verbunden. Pl\u00f6tzlich muss an jeder Ecke danach gefahndet werden, ob nicht sogenannte &#8222;personenbezogene Daten&#8220; erhoben werden. Sonst gibt&#8217;s f\u00fcr den Betreiber einer Website&nbsp; juristische und wom\u00f6glich auch finanzielle Haue. Um dies zu vermeiden, folgt nun eine l\u00e4ngere Erkl\u00e4rung.<\/p>\n\n\n\n<h2 class=\"wp-block-heading\">Wer wir sind<\/h2>\n\n\n\n<p>Die Adresse unserer Website ist: https:\/\/civilresilience.net.<\/p>\n\n\n\n<h2 class=\"wp-block-heading\">Welche personenbezogenen Daten wir sammeln und warum wir sie sammeln<\/h2>\n\n\n\n<p>Auf der Website sind Kommentarfunktionen abgeschaltet, Registrierungsfunktionen f\u00fcr Andere au\u00dfer die Betreiber sind auch deaktiviert. Wir nutzen NICHT Google analytics, auch nicht PIWIK oder sonstige Dienste, die den Usern allzu nah auf die Pelle r\u00fccken. Lediglich wird uns von unserem Provider 1&#038;1 deren Web Analytics zur Verf\u00fcgung gestellt, damit werden die Logfiles des Webservers statistisch aufbereitet.<\/p>\n\n\n\n<p>Die Informationen \u00fcber die Benutzung unserer Webseiten werden an einen Server von 1&#038;1 \u00fcbertragen und dort anonymisiert gespeichert. 1&#038;1 stellt unter Verwendung der ermittelten Nutzungsdaten <a rel=\"noopener noreferrer\" href=\"https:\/\/hilfe-center.1und1.de\/hosting\/online-marketing-c10085303\/1und1-webanalytics-c10082682\/verfuegbare-statistiken-in-1und1-webanalytics-a10795632.html\" target=\"_blank\">anonyme Reports \u00fcber die Webseitenaktivit\u00e4ten<\/a>. Dies sind die folgenden Daten:<\/p>\n\n\n\n<ul class=\"wp-block-list\">\n<li>Referrer (zuvor besuchte Webseite)<\/li>\n\n\n\n<li>Angeforderte Webseite oder Datei<\/li>\n\n\n\n<li>Browsertyp und Browserversion<\/li>\n\n\n\n<li>Verwendetes Betriebssystem<\/li>\n\n\n\n<li>Verwendeter Ger\u00e4tetyp<\/li>\n\n\n\n<li>Uhrzeit des Zugriffs<\/li>\n\n\n\n<li>IP-Adresse in anonymisierter Form (wird nur zur Feststellung des Orts des Zugriffs verwendet)<\/li>\n<\/ul>\n\n\n\n<p>Der Betreiber der Website mag allgemein&nbsp; keine Tracking-Tools, schaut aber hin und wieder, wie viele Besucher auf seine Website zugreifen, welche Beitr\u00e4ge besonders nachgefragt sind, von wo die Leser auf die Website gekommen sind, solche Sachen. Der Einzelne Nutzer ist hier uninteressant. Dies interpretieren wir als das in der Europ\u00e4ischen Datenschutzgrundverordnung erw\u00e4hnte &#8222;berechtigte Interesse&#8220; &#8211; Art. 6 \u2013 EU-DSGVO \u2013 Rechtm\u00e4\u00dfigkeit der Verarbeitung.<\/p>\n\n\n\n<p>Einige der im Weiteren genannten Aspekte sind deshalb vermutlich irrelevant f\u00fcr Dich. Aber man wei\u00df ja nie, ob dank irgendwelcher Plugins oder Fremdinhalte datenschutzm\u00e4\u00dfig bedenkliche Dinge vorgehen. Deshalb kl\u00e4ren wir gerne umfassender auf, nicht ohne zu erw\u00e4hnen, dass wir uns sehr bem\u00fchen, nur Plugins zu verwenden, die Datenschutz erm\u00f6glichen.<\/p>\n\n\n\n<h3 class=\"wp-block-heading\">Eingebettete Inhalte von anderen Websites<\/h3>\n\n\n\n<p>Beitr\u00e4ge auf dieser Website k\u00f6nnen eingebettete Inhalte beinhalten (z. B. Videos, Bilder, Beitr\u00e4ge etc.). Eingebettete Inhalte von anderen Websites verhalten sich exakt so, als ob der Besucher die andere Website besucht h\u00e4tte.<\/p>\n\n\n\n<p>Diese Websites k\u00f6nnen Daten \u00fcber dich sammeln, Cookies benutzen, zus\u00e4tzliche Tracking-Dienste von Dritten einbetten und deine Interaktion mit diesem eingebetteten Inhalt aufzeichnen, inklusive deiner Interaktion mit dem eingebetteten Inhalt, falls du ein Konto hast und auf dieser Website angemeldet bist. Dagegen kannst du dich mit Browser-Plugins sch\u00fctzen, die Tracking verhindern, etwa der fantastische <a rel=\"noreferrer noopener\" href=\"https:\/\/privacybadger.org\/\" target=\"_blank\">Privacy Badger<\/a> oder <a rel=\"noopener noreferrer\" href=\"https:\/\/www.ghostery.com\" target=\"_blank\">Ghostery<\/a>.<\/p>\n\n\n\n<h2 class=\"wp-block-heading\">Mit wem wir deine Daten teilen<\/h2>\n\n\n\n<p>Wir teilen keine \u00fcber die Website erhobenen Daten mit Dritten (also etwa per Kontaktformular erhaltene Nachrichten). Es sei denn, du erteilst uns die Erlaubnis oder bittest darum (z. B. in einer \u00fcber das Kontaktformular versendeten E-Mail).<\/p>\n\n\n\n<h3 class=\"wp-block-heading\">Kontaktformulare<\/h3>\n\n\n\n<p>Wenn du uns eine Nachricht \u00fcber ein Formular zukommen l\u00e4sst, dann \u00fcbermittelt unser Server die darin enthaltenen Informationen unverschl\u00fcsselt an den Betreiber der Website per E-Mail. Wenn du dem Betreiber eine Nachricht auf anderem Wege zukommen lassen m\u00f6chtest, schlagen wir vor, es einfach mit der E-Mail Adresse zu versuchen und einem E-Mail Programm deiner Wahl. Man kann mich auch zum Kaffee einladen und, sofern niemand mith\u00f6rt, bei dieser Gelegenheit allerlei Vertrauliches anbringen.<\/p>\n\n\n\n<h2 class=\"wp-block-heading\">Weitere Informationen<\/h2>\n\n\n\n<p>Der Betreiber der Website ist auch im <a href=\"http:\/\/civilresilience.net\/kontakt\/\">Impressum\/Kontakt<\/a> genannt. Solltest du eine Frage zu seinen Daten haben, diese l\u00f6schen wollen oder auf einen Missstand hinweisen wollen, nimm bitte Kontakt auf.<\/p>\n\n\n\n<p>Betreiber: Nils-Eyk Zimmermann &#8211; nz<img loading=\"lazy\" decoding=\"async\" class=\"alignnone wp-image-1296\" src=\"http:\/\/civilresilience.net\/wp-content\/uploads\/2019\/03\/At.png\" alt=\"\" data-wp-editing=\"1\" width=\"16\" height=\"16\" srcset=\"https:\/\/civilresilience.net\/wp-content\/uploads\/2019\/03\/At.png 218w, https:\/\/civilresilience.net\/wp-content\/uploads\/2019\/03\/At-200x200.png 200w\" sizes=\"auto, (max-width: 16px) 100vw, 16px\" \/>civilresilience.net<\/p>\n","protected":false},"excerpt":{"rendered":"<p>Seit Mai 2018 ist gl\u00fccklicherweise die Datenschutzgrundverordnung in Kraft getreten. Das ist sehr gut, weil allzu viele Organisationen und Unternehmen Daten nur als Rohstoff behandelt haben, der gar nicht mehr denen geh\u00f6rt, die sie urpr\u00fcnglich einmal zur Verf\u00fcgung stellten. Wir sollten also alle gl\u00fccklich \u00fcber das Europ\u00e4ische Parlament sein, denn nun wurden die Nutzerrechte gest\u00e4rkt&#8230;.<\/p>\n","protected":false},"author":1,"featured_media":0,"parent":0,"menu_order":0,"comment_status":"closed","ping_status":"closed","template":"","meta":{"footnotes":""},"class_list":["post-384","page","type-page","status-publish","hentry"],"_links":{"self":[{"href":"https:\/\/civilresilience.net\/de\/wp-json\/wp\/v2\/pages\/384","targetHints":{"allow":["GET"]}}],"collection":[{"href":"https:\/\/civilresilience.net\/de\/wp-json\/wp\/v2\/pages"}],"about":[{"href":"https:\/\/civilresilience.net\/de\/wp-json\/wp\/v2\/types\/page"}],"author":[{"embeddable":true,"href":"https:\/\/civilresilience.net\/de\/wp-json\/wp\/v2\/users\/1"}],"replies":[{"embeddable":true,"href":"https:\/\/civilresilience.net\/de\/wp-json\/wp\/v2\/comments?post=384"}],"version-history":[{"count":0,"href":"https:\/\/civilresilience.net\/de\/wp-json\/wp\/v2\/pages\/384\/revisions"}],"wp:attachment":[{"href":"https:\/\/civilresilience.net\/de\/wp-json\/wp\/v2\/media?parent=384"}],"curies":[{"name":"wp","href":"https:\/\/api.w.org\/{rel}","templated":true}]}}