{"id":6,"date":"2017-12-25T13:01:15","date_gmt":"2017-12-25T13:01:15","guid":{"rendered":"http:\/\/b.civilresilience.net\/?page_id=6"},"modified":"2025-12-28T20:39:38","modified_gmt":"2025-12-28T19:39:38","slug":"about-cr","status":"publish","type":"page","link":"https:\/\/civilresilience.net\/de\/about-cr\/","title":{"rendered":"R\u00e4ume f\u00fcr Demokratie"},"content":{"rendered":"\n<p class=\"has-drop-cap\">Die demokratische Gesellschaft h\u00e4ngt von pluraler \u00d6ffentlichkeit und von freien R\u00e4umen ab. Eine funktionierende Zivilgesellschaft er\u00f6ffnet B\u00fcrgerinnen und B\u00fcrgern M\u00f6glichkeiten, sich kulturell und politisch frei auszudr\u00fccken. Ihre R\u00e4ume erm\u00f6glichen den Einzelnen ihre Selbstwirksamkeit als freie Menschen zu erfahren, indem sie gemeinsam mit anderen erfolgreich am \u00f6ffentlichen Leben teilhaben und ihre Interessen und Visionen in Diskussionsforum und Entscheidungsprozessen einbringen. Die demokratische Kultur (civic culture) ist Voraussetzung und Ergebnis dieses lebendigen Geflechts von Einzelnen, Institutionen und Entscheidungsstrukturen.<\/p>\n\n\n\n<h2 class=\"wp-block-heading\">Demokratische Resilienz<\/h2>\n\n\n\n<p>Demokratische Resilienz (civil resilience) bezeichnet die <i>Widerstandskraft demokratischer Zivilgesellschaft, sowie ihre F\u00e4higkeit, demokratischen Wandel herbeizuf\u00fchren<\/i>. Somit kann sie auch als ein Schl\u00fcsselindikator zur Beschreibung der spezifischen politischen Kultur einer Gesellschaft angesehen werden. Desweiteren beschreibt Demokratische Resilienz die F\u00e4higkeit konkreter Organisationen, demokratische Prinzipien, Haltungen und Prozesse einerseits zu internalisieren und andererseits zu teilen.<\/p>\n\n\n\n<p>Resiliente <i>zivilgesellschaftliche Organisationen<\/i><em> schaffen R\u00e4ume, in denen Vertrauen stabil praktiziert und entwickelt<\/em> werden kann. Sie bef\u00e4higen B\u00fcrgerinnen und B\u00fcrger, sich \u00f6ffentlich zu \u00e4u\u00dfern, sowie sich proaktiv und zielgerichtet gemeinschaftlich einzubringen. So gestalten sie ihre Gesellschaft mit und durch sie f\u00fchrt Engagement von unten oben zu Ver\u00e4nderungen auf systemischer Ebene. <\/p>\n\n\n\n<p><\/p>\n\n\n\n<p class=\"has-text-align-center\" style=\"font-size:26px\"><em>Demokratische Resilienz beschreibt die F\u00e4higkeiten einer Organisation, demo\u00ad\u00ad\u00adkra\u00adtische Prinzipien, Prozesse und Haltun\u00adgen zu leben, sowie in einem Umfeld gesell\u00adsch\u00adaftlicher Ver\u00e4n\u00adder\u00adung aufzunehmen und zu teilen. Sie dr\u00fcckt aus, wie Organi\u00adsationen die demo\u00adkratische politische Kultur mitgestalten.<\/em><\/p>\n\n\n\n<p>In diesem Sinne vereint Resilienz aus systemischer Perspektive Beharrungsverm\u00f6gen mit der F\u00e4higkeit, sich und die Systemumgebung zu ver\u00e4ndern. <\/p>\n\n\n\n<ul class=\"wp-block-list\">\n<li>Beharrungsverm\u00f6gen (persistence)<\/li>\n\n\n\n<li>Anpassungsf\u00e4higkeit (adaptibility)<\/li>\n\n\n\n<li>Ver\u00e4nderungsverm\u00f6gen (transformability) <\/li>\n<\/ul>\n\n\n\n<p>Diese drei F\u00e4higkeiten schlie\u00dfen sich nicht aus, sondern &#8222;Resilienz&#8220; bedeutet diese als Elemente eines Gleichgewicht zu denken, das durch Organisationsentwicklung oder die Schaffung der entsprechenden Bedingungen anzustreben ist.<\/p>\n\n\n\n<hr class=\"wp-block-separator has-css-opacity\"\/>\n\n\n\n<h2 class=\"wp-block-heading\">Organisationsentwicklung<\/h2>\n\n\n\n<h3 class=\"wp-block-heading\">Resilienzbewusste Steuerung<\/h3>\n\n\n\n<p>So wie das Wort &#8222;Organisationsentwicklung&#8220; einen statischen (Organisation) und einen dynamischen (Entwicklung) Teil in sich tr\u00e4gt, zielt die <strong>Navigation von Organisationen<\/strong> darauf ab, Struktur zu st\u00e4rken und gleichzeitig zu \u00f6ffnen. In Erg\u00e4nzung zu den oben erw\u00e4hnten <strong>Persistenz, Anpassungsf\u00e4higkeit<\/strong> und <strong>Ver\u00e4nderungsverm\u00f6gen<\/strong> ist f\u00fcr viele demokratische Organisationen eine vierte F\u00e4higkeit lebenswichtig &#8211; die eigene politische und f\u00f6rdertechnische <strong>Unabh\u00e4ngigkeit<\/strong> entwickeln und bewahren.<\/p>\n\n\n\n<p>Weil Persistenz, Anpassungsf\u00e4higkeit und Ver\u00e4nderungsverm\u00f6gen aus Resilienzperspektive zusammenspielen, m\u00fcssen Voraussetzungen geschaffen werden, dass diese F\u00e4higkeitsfelder systematisch und gleichberechtigt bei steuernden Entscheidungen Ber\u00fccksichtigung finden. <\/p>\n\n\n\n<h3 class=\"wp-block-heading\">Br\u00fcckenfunktion<\/h3>\n\n\n\n<p>Organisationen sind <strong>Br\u00fccken<\/strong> zwischen systemischer Ebene und individuellen Haltungen zur Demokratie. Aus dieser Perspektive wird deutlich, dass sie kein Selbstzweck sind, sondern ein starkes und vielf\u00e4ltiges Netzwerk von Organisationen unentbehrlich f\u00fcr die Demokratie ist &#8211; daraus ergeben sich Chancen und Verpflichtungen, die bei der Organisationsentwicklung eine Rolle spielen sollten. Innere Aspekte (wie eine Organisation sich sieht, ihre Mission definiert oder wie sie arbeitet) verschr\u00e4nken sich mit den \u00e4u\u00dferen Aspekten (z. B. wie sie ihre Wirkung in die Gesellschaft erreicht, mit wem sie vernetzt ist und von wem sie sich abgrenzt, wie sie Solidarit\u00e4t praktiziert, ihr Image\/Erscheinungsbild). <\/p>\n\n\n\n<h3 class=\"wp-block-heading\">Sozialer Raum<\/h3>\n\n\n\n<p>Als &#8218;Gef\u00e4\u00dfe&#8216; oder <strong>Rahmen f\u00fcr b\u00fcrgerschaftliches Engagement und soziales Miteinander<\/strong> spielen Organisationen in der Demokratie auch eine wichtige Rolle f\u00fcr Einzelne. Deshalb sollte Organisationsentwicklung unter dem Gesichtspunkt demokratischer Resilienz Analyse und Reflexion von diesen beiden Enden ausgehend organisieren.<\/p>\n\n\n\n<p>Weil Organisationen auch f\u00fcr die <strong>in ihnen Mitwirkenden<\/strong> soziale R\u00e4ume und Strukturen sind, besteht die Herausforderung und Chance f\u00fcr die Leadership darin, deren Kompetenzen (Fertigkeiten, Wissen, Einstellungen\/Haltungen) so zusammenzubringen, dass Organisation und Einzelne davon profitieren, dass Steuerbarkeit gew\u00e4hrleistet wird und gleichzeitig Raum f\u00fcr Innovation und Entwicklung genutzt wird. Eine enstprechende Lern- und Entwicklungskultur, die mit systematischen kompetenzorientierten Tools und Ans\u00e4tzen zur inneren Entwicklung arbeitet kann dies unterst\u00fctzen.<\/p>\n\n\n\n<p><\/p>\n\n\n\n<figure class=\"wp-block-image\"><img loading=\"lazy\" decoding=\"async\" width=\"700\" height=\"570\" src=\"http:\/\/civilresilience.net\/wp-content\/uploads\/2019\/06\/cross-sectoral-transformation-700x570.png\" alt=\"\" class=\"wp-image-1489\" srcset=\"https:\/\/civilresilience.net\/wp-content\/uploads\/2019\/06\/cross-sectoral-transformation-700x570.png 700w, https:\/\/civilresilience.net\/wp-content\/uploads\/2019\/06\/cross-sectoral-transformation-400x326.png 400w, https:\/\/civilresilience.net\/wp-content\/uploads\/2019\/06\/cross-sectoral-transformation-768x625.png 768w, https:\/\/civilresilience.net\/wp-content\/uploads\/2019\/06\/cross-sectoral-transformation-800x651.png 800w, https:\/\/civilresilience.net\/wp-content\/uploads\/2019\/06\/cross-sectoral-transformation.png 1054w\" sizes=\"auto, (max-width: 700px) 100vw, 700px\" \/><figcaption class=\"wp-element-caption\">Wirkung einer starken Zivilgesellschaft in das System. <\/figcaption><\/figure>\n\n\n\n<hr class=\"wp-block-separator has-css-opacity\"\/>\n\n\n\n<h2 class=\"wp-block-heading\">Schl\u00fcsselfaktor \u00f6ffentliches Engagement und Lernen<\/h2>\n\n\n\n<p>Demokratische Resilienz beginnt mit den Kompetenzen zu Initiative und Engagement Einzelner und von Gruppen und formiert sich in zivilgesellschaftlichen Organisationen und der \u00d6ffentlichkeit. Als Impulsgeber f\u00fcr soziale Innovation dient sie besonders denjenigen unter den NGOs, die an den Schnittstellen zu den anderen gesellschaftlichen Teilsystemen verortet sind und so Impulse aus der Umwelt aufnehmen, als auch Wirkung \u00fcber den eigenen Radius hinaus entfalten.<\/p>\n\n\n\n<p>Aus dieser Perspektive k\u00f6nnen neue R\u00e4ume f\u00fcr den (cross-sektoralen) Dialog, f\u00fcr das Lernen und f\u00fcr die Organisationsentwicklung einen Beitrag leisten, dass demokratische Akteure und die Zivilgesellschaft insgesamt gest\u00e4rkt werden und soziale Innovation erm\u00f6glicht wird.<\/p>\n\n\n\n<h3 class=\"wp-block-heading\">Widerstandsf\u00e4hige Demokratie<\/h3>\n\n\n\n<p>Doch wissen wir auch, wie fragil die demokratische Zivilgesellschaft sein kann, wenn man ihre selbstverwalteten Strukturen besch\u00e4digt. Wenn Kr\u00e4fte, die auf die \u00dcberwindung der Demokratie hinarbeiten, den \u00f6ffentlichen Raum besetzen. Wenn die kritische und plurale Vielfalt in der Gesellschaft durch m\u00e4chtige Koalitionen stumm gemacht wird. Deshalb geh\u00f6rt zur demokratischen Resilienz auch eine Haltung der Solidarit\u00e4t, der Wille zum Widerstand und der Mut, soziale Verh\u00e4ltnisse zu ver\u00e4ndern.<\/p>\n\n\n\n<h3 class=\"wp-block-heading\">Herausforderung: Transformationen demokratisch gestalten<\/h3>\n\n\n\n<p>Die gro\u00dfen Transformationen unserer Zeit reichen \u00fcber unsere eigenen lokalen Horizonte hinaus. Ob Klimawandel oder Digitalisierung, Gesellschaft zu gestalten ist nur m\u00f6glich, wenn man lernt, Abh\u00e4ngigkeiten, Verbindungen und R\u00fcckkopplungen wahrzunehmen. Wir in Europa haben die Chance, die mit diesen Transformationen verbundenen Herausforderungen an demokratischen Werten orientiert anzugehen, w\u00e4hrend andere Gesellschaften ihnen vor allem ausgesetzt sind. Diese Chance nutzen zu k\u00f6nnen setzt aber auch ein breiteres Denken in Systemen und eine umfassendere Kompetenz zur Transformation voraus. Demokratische Resilienz enth\u00e4lt in diesem Sinne transformatives und systemisches Denken.<\/p>\n\n\n\n<p class=\"has-text-align-center\" style=\"font-size:24px\"><em>Zivilgesellschaftliche Organi\u00adsationen machen demokra\u00adtische Praxis erlebbar und erschaffen R\u00e4ume f\u00fcr demo\u00adkra\u00adtische \u00d6ffent\u00adlichkeit ma\u00dfgeblich mit.<\/em><\/p>\n\n\n\n<hr class=\"wp-block-separator has-css-opacity\"\/>\n\n\n\n<h2 class=\"wp-block-heading\">Artikel<\/h2>\n\n\n<ul class=\"lcp_catlist\" id=\"lcp_instance_0\"><li><a href=\"https:\/\/civilresilience.net\/de\/neutralisierung-von-zivilgesellschaft\/\">Neutralisierung der Zivilgesellschaft<\/a><\/li><li><a href=\"https:\/\/civilresilience.net\/de\/dem-kodierten-und-implizitenantisemitismus-auf-der-spur\/\">Interview mit M. Becker: Dem kodierten und impliziten Antisemitismus auf der Spur<\/a><\/li><li><a href=\"https:\/\/civilresilience.net\/de\/podcast-wir-kriegen-die-krise\/\">Podcast: Wir kriegen die Krise<\/a><\/li><li><a href=\"https:\/\/civilresilience.net\/de\/resilienz-zwischen-modewort-und-kompetenz\/\">Resilienz \u2013 Zwischen Modewort und Kompetenz<\/a><\/li><li><a href=\"https:\/\/civilresilience.net\/de\/elm-magazine-adult-education-and-civil-society-organisations-learning-spaces-in-times-of-democratic-turbulence\/\">ELM Magazine: Erwachsenenbildung und zivilgesellschaftliche Organisationen: Lernorte in demokratischen Turbulenzen<\/a><\/li><li><a href=\"https:\/\/civilresilience.net\/de\/lowering-the-democracy-and-participation-gap-with-key-competences\/\">Diskussion: Die Demokratie- und Beteiligungsl\u00fccke schlie\u00dfen \u2013 mit Schl\u00fcsselkompetenzen<\/a><\/li><li><a href=\"https:\/\/civilresilience.net\/de\/civil-society-trust-in-digital-transformation\/\">Mehr Zivilgesellschaft &#8211; Vertrauen in die digitale Transformation<\/a><\/li><li><a href=\"https:\/\/civilresilience.net\/de\/zwischen-partizipationsversprechen-und-algorithmenmacht-jan-hinrik-schmidt-rezension\/\">Zwischen Partizipationsversprechen und Algorithmenmacht &#8211; Jan-Hinrik Schmidt &#8211; Rezension<\/a><\/li><li><a href=\"https:\/\/civilresilience.net\/de\/begegnungsraeume\/\">Begegnungsr\u00e4ume &#8211; Infrastruktur f\u00fcr demokratische Resilienz &#8211; R. Manthe<\/a><\/li><li><a href=\"https:\/\/civilresilience.net\/de\/im-zweifel-gegen-die-demokratie-zum-konspirativen-denken\/\">Im Zweifel? Gegen die Demokratie. Zum konspirativen Denken.<\/a><\/li><li><a href=\"https:\/\/civilresilience.net\/de\/the-urban-commons-cookbook\/\">The Urban Commons Cookbook &#8211; Strategies and Insights for Creating and Maintaining Urban Commons<\/a><\/li><li><a href=\"https:\/\/civilresilience.net\/de\/uncivil-society\/\">Uncivil Society und  Resilienz: Was k\u00f6nnen Demokraten von ihnen lernen?<\/a><\/li><li><a href=\"https:\/\/civilresilience.net\/de\/zivilgesellschaft-ist-die-demokratische-infrastruktur-unserer-gesellschaft\/\">Zivilgesellschaft ist die demokratische Infrastruktur unserer Gesellschaft. Was wir tun m\u00fcssen, um sie resilienter zu machen.<\/a><\/li><li><a href=\"https:\/\/civilresilience.net\/de\/commons-als-politische-vision\/\">Urban Commons als politische Vision der Mitgestaltung<\/a><\/li><li><a href=\"https:\/\/civilresilience.net\/de\/democratic-resilience-csos-as-key-actors\/\">Demokratische Resilienz- die Schl\u00fcsselrolle zivilgesellschaftlicher Organisationen<\/a><\/li><li><a href=\"https:\/\/civilresilience.net\/de\/cross-sectoral-competence\/\">Sektor\u00fcbergreifende Kompetenz in Organisationen<\/a><\/li><li><a href=\"https:\/\/civilresilience.net\/de\/civil-resilience\/\">Toward the Concept of Civil Resilience<\/a><\/li><li><a href=\"https:\/\/civilresilience.net\/de\/ngos-und-unternehmen-als-lernorte-fuer-demokratie\/\">NGOs und Unternehmen als Lernorte f\u00fcr Demokratie<\/a><\/li><\/ul>\n","protected":false},"excerpt":{"rendered":"<p>Die demokratische Gesellschaft h\u00e4ngt von pluraler \u00d6ffentlichkeit und von freien R\u00e4umen ab. Eine funktionierende Zivilgesellschaft er\u00f6ffnet B\u00fcrgerinnen und B\u00fcrgern M\u00f6glichkeiten, sich kulturell und politisch frei auszudr\u00fccken. Ihre R\u00e4ume erm\u00f6glichen den Einzelnen ihre Selbstwirksamkeit als freie Menschen zu erfahren, indem sie gemeinsam mit anderen erfolgreich am \u00f6ffentlichen Leben teilhaben und ihre Interessen und Visionen in Diskussionsforum&#8230;<\/p>\n","protected":false},"author":1,"featured_media":163,"parent":0,"menu_order":0,"comment_status":"closed","ping_status":"closed","template":"","meta":{"footnotes":""},"class_list":["post-6","page","type-page","status-publish","has-post-thumbnail","hentry"],"_links":{"self":[{"href":"https:\/\/civilresilience.net\/de\/wp-json\/wp\/v2\/pages\/6","targetHints":{"allow":["GET"]}}],"collection":[{"href":"https:\/\/civilresilience.net\/de\/wp-json\/wp\/v2\/pages"}],"about":[{"href":"https:\/\/civilresilience.net\/de\/wp-json\/wp\/v2\/types\/page"}],"author":[{"embeddable":true,"href":"https:\/\/civilresilience.net\/de\/wp-json\/wp\/v2\/users\/1"}],"replies":[{"embeddable":true,"href":"https:\/\/civilresilience.net\/de\/wp-json\/wp\/v2\/comments?post=6"}],"version-history":[{"count":0,"href":"https:\/\/civilresilience.net\/de\/wp-json\/wp\/v2\/pages\/6\/revisions"}],"wp:featuredmedia":[{"embeddable":true,"href":"https:\/\/civilresilience.net\/de\/wp-json\/wp\/v2\/media\/163"}],"wp:attachment":[{"href":"https:\/\/civilresilience.net\/de\/wp-json\/wp\/v2\/media?parent=6"}],"curies":[{"name":"wp","href":"https:\/\/api.w.org\/{rel}","templated":true}]}}