{"id":986,"date":"2018-11-07T11:19:25","date_gmt":"2018-11-07T11:19:25","guid":{"rendered":"http:\/\/civilresilience.net\/?page_id=986"},"modified":"2020-03-15T17:43:45","modified_gmt":"2020-03-15T17:43:45","slug":"lebenslanges-lernen","status":"publish","type":"page","link":"https:\/\/civilresilience.net\/de\/lebenslanges-lernen\/","title":{"rendered":"Lebenslanges Lernen"},"content":{"rendered":"\n<p class=\"has-drop-cap\">In einer Zeit fundamentaler Umbr\u00fcche ger\u00e4t Lernen immer mehr in den Fokus der gesellschaftlichen Debatte. Es spielt auch eine st\u00e4rkere Rolle in den HR-Strategien in Unternehmen oder motiviert die Politik zu Reformen. Der Paradigmenwechsel in den Bildungsdebatten kann mit den Begriffen Kompetenzorientierung, Empowerment und lebenslanges Lernen beschrieben werden.<\/p>\n\n\n\n<h2 class=\"wp-block-heading\">Schl\u00fcsselkompetenzen<\/h2>\n\n\n\n<p>Kompetenzorientierung hei\u00dft im Grundsatz, sich <em>auf die einzelnen Lernenden zu fokussieren<\/em>, darauf, wie sie erworbene Erkenntnisse in Wissen, Handlungsf\u00e4higkeit oder Haltung <em>erfolgreich in ihrem Kontext umsetzen<\/em> k\u00f6nnen. Besonders r\u00fccken hier die Schl\u00fcsselkompetenzen in den Fokus, diejenigen F\u00e4higkeiten, die sich in vielen Lebens- und Problemlagen zur Bew\u00e4ltigung von Herausforderungen einsetzen lassen. Solche Schl\u00fcsselkompetenzen sind etwa Kreativit\u00e4t, Initiative, Probleml\u00f6sung, Kooperation und Dialog mit anderen, auch entlang eigener Werte und Visionen zu handeln. Hier geht es mir nicht um eine utilitaristische Ausbeutung von Kompetenz, sondern um die Erweiterung von M\u00f6glichkeitsr\u00e4umen f\u00fcr die Einzelnen.<\/p>\n\n\n\n<p class=\"has-large-font-size\">Bef\u00e4higung ist ein Lernen, zu dem sich jeder bekennen kann, weil es die Lernenden als prinzipiell kompetent betrachtet.<\/p>\n\n\n\n<h2 class=\"wp-block-heading\">Lebenslanges Lernen<\/h2>\n\n\n\n<p>Lebenslanges Lernen beschreibt was Menschen seit jeher tun: Jenseits der Schulbank oder der Hochschule an Erfahrungen wachsen sie und&nbsp; eignen sich neue F\u00e4higkeiten an. Sie passen sich an die Entwicklungen in ihrem Kontext an. Sie gestalten diesen Wandel idealerweise selbstbewusst mit. Deshalb m\u00fcssen wir neben den klassischen Lernr\u00e4umen auch allen anderen R\u00e4umen, in denen B\u00fcrgerinnen und B\u00fcrger sich (gemeinsam mit anderen) Wissen und F\u00e4higkeiten aneignen, mehr Beachtung schenken. <\/p>\n\n\n\n<figure class=\"wp-block-image size-large\"><img loading=\"lazy\" decoding=\"async\" width=\"700\" height=\"507\" src=\"http:\/\/civilresilience.net\/wp-content\/uploads\/2020\/01\/dare-nez-D9fgLHLXkAEaSF1-crop-700x507.jpg\" alt=\"\" class=\"wp-image-1866\" srcset=\"https:\/\/civilresilience.net\/wp-content\/uploads\/2020\/01\/dare-nez-D9fgLHLXkAEaSF1-crop-700x507.jpg 700w, https:\/\/civilresilience.net\/wp-content\/uploads\/2020\/01\/dare-nez-D9fgLHLXkAEaSF1-crop-400x290.jpg 400w, https:\/\/civilresilience.net\/wp-content\/uploads\/2020\/01\/dare-nez-D9fgLHLXkAEaSF1-crop-768x557.jpg 768w, https:\/\/civilresilience.net\/wp-content\/uploads\/2020\/01\/dare-nez-D9fgLHLXkAEaSF1-crop-1536x1113.jpg 1536w, https:\/\/civilresilience.net\/wp-content\/uploads\/2020\/01\/dare-nez-D9fgLHLXkAEaSF1-crop-800x580.jpg 800w, https:\/\/civilresilience.net\/wp-content\/uploads\/2020\/01\/dare-nez-D9fgLHLXkAEaSF1-crop.jpg 1881w\" sizes=\"auto, (max-width: 700px) 100vw, 700px\" \/><figcaption>Lifelong Learning Platform Annual Conference 2019: Learning democracy, values and participation.<\/figcaption><\/figure>\n\n\n\n<h2 class=\"wp-block-heading\">Mehr Kreativit\u00e4t und Vielfalt<\/h2>\n\n\n\n<p>In diesem Sinne sind wir alle Lernende &#8211; in der Arbeit, als Teile gesellschaftlicher Organisationen als aktive B\u00fcrger. Lernen und Bildung wird dann wieder f\u00fcr die meisten Menschen interessant, wenn sie ihren scholastischen Charakter verlieren. Aus politischer Perspektive h\u00e4ngt die demokratische Resilienz der Zivilgesellschaft nicht zuletzt von der Lernf\u00e4higkeit und Kreativit\u00e4t der B\u00fcrgerinnen und B\u00fcrger ab. Insbesondere Organisationen, Arbeitspl\u00e4tze oder der \u00f6ffentliche Raum bieten ihnen hier vielf\u00e4ltige M\u00f6glichkeiten. Neue Lernkonzepte und Programme verkn\u00fcpfen diese R\u00e4ume und sind kreativer und an den Bed\u00fcrfnissen und Zielen der Menschen orientierter gestaltet. <\/p>\n\n\n\n<figure class=\"wp-block-image size-large\"><img loading=\"lazy\" decoding=\"async\" width=\"700\" height=\"503\" src=\"http:\/\/civilresilience.net\/wp-content\/uploads\/2019\/05\/Everydaybeyond-printed-quer-700x503.jpg\" alt=\"\" class=\"wp-image-1458\" srcset=\"https:\/\/civilresilience.net\/wp-content\/uploads\/2019\/05\/Everydaybeyond-printed-quer-700x503.jpg 700w, https:\/\/civilresilience.net\/wp-content\/uploads\/2019\/05\/Everydaybeyond-printed-quer-400x287.jpg 400w, https:\/\/civilresilience.net\/wp-content\/uploads\/2019\/05\/Everydaybeyond-printed-quer-768x551.jpg 768w, https:\/\/civilresilience.net\/wp-content\/uploads\/2019\/05\/Everydaybeyond-printed-quer-800x574.jpg 800w, https:\/\/civilresilience.net\/wp-content\/uploads\/2019\/05\/Everydaybeyond-printed-quer.jpg 1000w\" sizes=\"auto, (max-width: 700px) 100vw, 700px\" \/><figcaption>Competendo: Inspiration und Wissen \u00fcber moderne Lernans\u00e4tze in der politischen Bildung<\/figcaption><\/figure>\n\n\n\n<h2 class=\"wp-block-heading\">F\u00fcr eine lebenswerte Gesellschaft<\/h2>\n\n\n\n<p>In der Demokratie kommt es gerade in Zeiten des Wandels auf den und die Einzelne an. Deshalb m\u00fcssen wir uns alle idealerweise bef\u00e4higt sehen, sowohl unsere kleine Umwelt, wie auch die gro\u00dfen Herausforderungen unserer Zeit besser zu verstehen und mitzugestalten: Etwa die Digitalisierung unseres Lebens, die Bew\u00e4ltigung der Klimakrise oder die St\u00e4rkung des demokratischen Miteinanders gegen Populismus und  einen neuen Autoritarismus. Und wenn wir die Probleme, die uns umgeben, nicht verstehen, sollten wir uns ermutigt und motiviert f\u00fchlen, zu lernen. Dabei ist es erst einmal egal, wie alt man ist, wo man lebt oder welche formale Bildung man zuvor genossen hat. Denn prinzipiell ist jede und jeder kompetent genug und f\u00e4hig, seine F\u00e4higkeiten zu erweitern.<\/p>\n\n\n\n<hr class=\"wp-block-separator\"\/>\n\n\n\n<h2 class=\"wp-block-heading\">Artikel<\/h2>\n\n\n<ul class=\"lcp_catlist\" id=\"lcp_instance_0\"><li><a href=\"https:\/\/civilresilience.net\/de\/epale-discussion-rooting-democracy-and-active-citizenship-in-adult-learning\/\">EPALE Discussion: Rooting democracy and active citizenship in adult learning<\/a><\/li><li><a href=\"https:\/\/civilresilience.net\/de\/handbuch-mehr-als-mit-dem-strom-schwimmen\/\">Handbuch: Mehr als mit dem Strom schwimmen<\/a><\/li><li><a href=\"https:\/\/civilresilience.net\/de\/eine-politischere-bildung-zur-digitalisierung\/\">Warum ben\u00f6tigen wir eine politischere digitale Bildung?<\/a><\/li><li><a href=\"https:\/\/civilresilience.net\/de\/digital-youth-work-und-die-herausforderung-digitalitaet-als-gegenstand-zeitgenoessischer-gesellschaftsdiagnosen-zu-fassen\/\">Beitrag: Digital Youth Work im Journal f\u00fcr politische Bildung 1\/26<\/a><\/li><li><a href=\"https:\/\/civilresilience.net\/de\/datenkompetenz\/\">Datenkompetenz und freies Wissen &#8211; eine Leerstelle politischer Bildung?<\/a><\/li><li><a href=\"https:\/\/civilresilience.net\/de\/flagship-collection-digit-al\/\">Interview with SALTO Participation &#038; Information Resource Centre<\/a><\/li><li><a href=\"https:\/\/civilresilience.net\/de\/neutralisierung-von-zivilgesellschaft\/\">Neutralisierung der Zivilgesellschaft<\/a><\/li><li><a href=\"https:\/\/civilresilience.net\/de\/dem-kodierten-und-implizitenantisemitismus-auf-der-spur\/\">Interview mit M. Becker: Dem kodierten und impliziten Antisemitismus auf der Spur<\/a><\/li><li><a href=\"https:\/\/civilresilience.net\/de\/kompetenzprofil\/\">Kompetenzprofil f\u00fcr Fachkr\u00e4fte der politischen Bildung<\/a><\/li><li><a href=\"https:\/\/civilresilience.net\/de\/analysis-digital-youth-work\/\">Analyse: European Youth in the Digital Transformation | Jugend in der digitalen Transformation<\/a><\/li><li><a href=\"https:\/\/civilresilience.net\/de\/digital-youth-work\/\">Digital Youth Work<\/a><\/li><li><a href=\"https:\/\/civilresilience.net\/de\/fachkraefte-in-der-digitalen-aera\/\">Die Rolle von Fachkr\u00e4ften in der digitalen \u00c4ra: Herausforderungen und Chancen im Zeitalter von KI<\/a><\/li><li><a href=\"https:\/\/civilresilience.net\/de\/transversal-education-participation-life-career-path\/\">Transversal bilden: Leben, Beteiligung, Arbeitswelt<\/a><\/li><li><a href=\"https:\/\/civilresilience.net\/de\/beitrag-conceptions-of-digital-competence-in-transformation-the-perspective-of-democracy-related-civic-education\/\">Beitrag: Conceptions of Digital Competence in Transformation\u2014The Perspective of Democracy-Related (Civic) Education<\/a><\/li><li><a href=\"https:\/\/civilresilience.net\/de\/diy-lab-blended-learning\/\">DIY Lab: Blended Learning in der internationalen Jugendarbeit<\/a><\/li><li><a href=\"https:\/\/civilresilience.net\/de\/code-vorurteil-m-adeoso-e-berendsen-l-fischer-d-schnabel-hrsg-rezension\/\">Code &#038; Vorurteil &#8211; Adeoso\/Berendsen\/Fischer\/Schnabel (Hrsg.) &#8211; Rezension<\/a><\/li><li><a href=\"https:\/\/civilresilience.net\/de\/beitrag-daten-zu-antisemitismus\/\">Beitrag: Daten zu Antisemitismus<\/a><\/li><li><a href=\"https:\/\/civilresilience.net\/de\/demokratie-als-kompetenz\/\">Beitrag: Demokratie als Kompetenz: \u00dcberblick \u00fcber europ\u00e4ische Kompetenzrahmen aus Sicht der politischen Bildung<\/a><\/li><li><a href=\"https:\/\/civilresilience.net\/de\/beitrag-europaeische-digitalpolitik-strategie-rahmungen-und-projekte-der-eu\/\">Beitrag: Europ\u00e4ische Digitalpolitik. Strategie, Rahmungen und Projekte der EU<\/a><\/li><li><a href=\"https:\/\/civilresilience.net\/de\/antisemitismuskritische-bildung\/\">Beitrag: Antisemitismuskritische Bildung<\/a><\/li><\/ul>\n\n\n\n<p><br><\/p>\n","protected":false},"excerpt":{"rendered":"<p>In einer Zeit fundamentaler Umbr\u00fcche ger\u00e4t Lernen immer mehr in den Fokus der gesellschaftlichen Debatte. Es spielt auch eine st\u00e4rkere Rolle in den HR-Strategien in Unternehmen oder motiviert die Politik zu Reformen. Der Paradigmenwechsel in den Bildungsdebatten kann mit den Begriffen Kompetenzorientierung, Empowerment und lebenslanges Lernen beschrieben werden. Schl\u00fcsselkompetenzen Kompetenzorientierung hei\u00dft im Grundsatz, sich auf&#8230;<\/p>\n","protected":false},"author":1,"featured_media":1011,"parent":0,"menu_order":0,"comment_status":"closed","ping_status":"closed","template":"","meta":{"footnotes":""},"class_list":["post-986","page","type-page","status-publish","has-post-thumbnail","hentry"],"_links":{"self":[{"href":"https:\/\/civilresilience.net\/de\/wp-json\/wp\/v2\/pages\/986","targetHints":{"allow":["GET"]}}],"collection":[{"href":"https:\/\/civilresilience.net\/de\/wp-json\/wp\/v2\/pages"}],"about":[{"href":"https:\/\/civilresilience.net\/de\/wp-json\/wp\/v2\/types\/page"}],"author":[{"embeddable":true,"href":"https:\/\/civilresilience.net\/de\/wp-json\/wp\/v2\/users\/1"}],"replies":[{"embeddable":true,"href":"https:\/\/civilresilience.net\/de\/wp-json\/wp\/v2\/comments?post=986"}],"version-history":[{"count":0,"href":"https:\/\/civilresilience.net\/de\/wp-json\/wp\/v2\/pages\/986\/revisions"}],"wp:featuredmedia":[{"embeddable":true,"href":"https:\/\/civilresilience.net\/de\/wp-json\/wp\/v2\/media\/1011"}],"wp:attachment":[{"href":"https:\/\/civilresilience.net\/de\/wp-json\/wp\/v2\/media?parent=986"}],"curies":[{"name":"wp","href":"https:\/\/api.w.org\/{rel}","templated":true}]}}