{"id":292,"date":"2018-04-15T12:23:58","date_gmt":"2018-04-15T12:23:58","guid":{"rendered":"http:\/\/civilresilience.net\/?page_id=292"},"modified":"2023-09-29T23:02:22","modified_gmt":"2023-09-29T21:02:22","slug":"publications","status":"publish","type":"page","link":"https:\/\/civilresilience.net\/en\/publications\/","title":{"rendered":"Publications"},"content":{"rendered":"\n<figure class=\"wp-block-image size-large\"><img loading=\"lazy\" decoding=\"async\" width=\"700\" height=\"1057\" src=\"https:\/\/civilresilience.net\/wp-content\/uploads\/2018\/05\/publikationen-1-700x1057.jpg\" alt=\"\" class=\"wp-image-380\" srcset=\"https:\/\/civilresilience.net\/wp-content\/uploads\/2018\/05\/publikationen-1-700x1057.jpg 700w, https:\/\/civilresilience.net\/wp-content\/uploads\/2018\/05\/publikationen-1-265x400.jpg 265w, https:\/\/civilresilience.net\/wp-content\/uploads\/2018\/05\/publikationen-1-768x1159.jpg 768w, https:\/\/civilresilience.net\/wp-content\/uploads\/2018\/05\/publikationen-1.jpg 795w\" sizes=\"auto, (max-width: 700px) 100vw, 700px\" \/><\/figure>\n\n\n\n<hr class=\"wp-block-separator has-css-opacity\"\/>\n\n\n\n<p class=\"has-pale-cyan-blue-background-color has-background\">Now and then I contribute to the German platform <a href=\"https:\/\/politischbilden.de\/expertise\/zimmermann\">politischbilden.de<\/a>,<br>the German <a rel=\"noreferrer noopener\" href=\"https:\/\/fachzeitschrift.adb.de\/\" target=\"_blank\">Fachzeitschrift f\u00fcr au\u00dferschulische Bildung<\/a> (reviews and articles),<br>the <a rel=\"noreferrer noopener\" href=\"https:\/\/competendo.net\" target=\"_blank\">Digital Toolbox Competendo<\/a> for civic education and democracy-related learning.<\/p>\n\n\n<ul class=\"lcp_catlist\" id=\"lcp_instance_0\"><li><a href=\"https:\/\/civilresilience.net\/en\/handbuch-mehr-als-mit-dem-strom-schwimmen\/\">Handbuch: Mehr als mit dem Strom schwimmen<\/a><\/li><li><a href=\"https:\/\/civilresilience.net\/en\/kompetenzprofil\/\">Competence Profile for Facilitators in Non-Formal Civic Education<\/a><\/li><li><a href=\"https:\/\/civilresilience.net\/en\/analysis-digital-youth-work\/\">Analysis: European Youth in the Digital Transformation<\/a><\/li><li><a href=\"https:\/\/civilresilience.net\/en\/transversal-education-participation-life-career-path\/\">Transversal Education: Participation, Life, Career Path<\/a><\/li><li><a href=\"https:\/\/civilresilience.net\/en\/beitrag-conceptions-of-digital-competence-in-transformation-the-perspective-of-democracy-related-civic-education\/\">Beitrag: Conceptions of Digital Competence in Transformation\u2014The Perspective of Democracy-Related (Civic) Education<\/a><\/li><li><a href=\"https:\/\/civilresilience.net\/en\/training-design-schritt-fuer-schritt\/\">Training Design &#8211; Step-by-Step<\/a><\/li><li><a href=\"https:\/\/civilresilience.net\/en\/guide-networking-and-collaboration\/\">Guide: Networking and Collaboration<\/a><\/li><li><a href=\"https:\/\/civilresilience.net\/en\/entrepreneurship-education-in-jugendarbeit-und-ausserschulischerbildung\/\">Entrepreneurship Education &#8211; in Youth Work and Non-formal Education<\/a><\/li><li><a href=\"https:\/\/civilresilience.net\/en\/facilitator-handbook-learning-the-digital\/\">Handbook for Facilitators: Learning the Digital<\/a><\/li><li><a href=\"https:\/\/civilresilience.net\/en\/context-paper-digitalisation-and-democracy\/\">Context Paper: Digitalisation and Democracy<\/a><\/li><li><a href=\"https:\/\/civilresilience.net\/en\/das-digitale-selbst\/\">Brochure: The Digital Self<\/a><\/li><li><a href=\"https:\/\/civilresilience.net\/en\/internet-big-data-platforms\/\">Brochure: Internet, Big Data, Platforms<\/a><\/li><li><a href=\"https:\/\/civilresilience.net\/en\/work-under-transformation\/\">Brochure: Digital Transformation: Work under Transformation<\/a><\/li><li><a href=\"https:\/\/civilresilience.net\/en\/the-urban-commons-cookbook\/\">The Urban Commons Cookbook &#8211; Strategies and Insights for Creating and Maintaining Urban Commons<\/a><\/li><li><a href=\"https:\/\/civilresilience.net\/en\/wladyslaw-bartoszewski\/\">Demokratie, Patriotismus, Dialog &#8211; \u00dcber W\u0142adys\u0142aw Bartoszewski<\/a><\/li><li><a href=\"https:\/\/civilresilience.net\/en\/creativity-handbook-handbook-for-facilitators-and-teachers\/\">Creativity Handbook: How to unleash creativity in individuals and groups?<\/a><\/li><li><a href=\"https:\/\/civilresilience.net\/en\/diversity-dynamics-activating-the-potential-of-diversity-in-trainings-handbook\/\">Diversity Dynamics: Activating the Potential of Diversity in Trainings<\/a><\/li><li><a href=\"https:\/\/civilresilience.net\/en\/holistic-learning-planning-experiential-inspirational-and-participatory-learning-processes-handbook-for-facilitators\/\">Holistic Learning &#8211; Planning experiential, inspirational and participatory learning processes<\/a><\/li><li><a href=\"https:\/\/civilresilience.net\/en\/engagement-anders-initiativen-kochbuch\/\">Initiative Cookbook &#8211; Homemade Civic Engagement.<\/a><\/li><li><a href=\"https:\/\/civilresilience.net\/en\/steps-toward-action-empowerment-for-self-responsible-initiative-handbook-for-facilitators\/\">Steps toward action: Empowerment for self-responsible initiative<\/a><\/li><li><a href=\"https:\/\/civilresilience.net\/en\/mentoring-handbook\/\">Mentoring Handbook<\/a><\/li><\/ul>\n\n\n\n<h2 class=\"wp-block-heading\">Articles<\/h2>\n\n\n<ul class=\"lcp_catlist\" id=\"lcp_instance_0\"><li><a href=\"https:\/\/civilresilience.net\/en\/digital-youth-work-und-die-herausforderung-digitalitaet-als-gegenstand-zeitgenoessischer-gesellschaftsdiagnosen-zu-fassen\/\">Beitrag: Digital Youth Work im Journal f\u00fcr politische Bildung 1\/26<\/a><\/li><li><a href=\"https:\/\/civilresilience.net\/en\/flagship-collection-digit-al\/\">Interview with SALTO Participation &#038; Information Resource Centre<\/a><\/li><li><a href=\"https:\/\/civilresilience.net\/en\/dem-kodierten-und-implizitenantisemitismus-auf-der-spur\/\">Interview with M. Becker: On the Track of the Coded and the Implicite Antisemitism<\/a><\/li><li><a href=\"https:\/\/civilresilience.net\/en\/beitrag-conceptions-of-digital-competence-in-transformation-the-perspective-of-democracy-related-civic-education\/\">Beitrag: Conceptions of Digital Competence in Transformation\u2014The Perspective of Democracy-Related (Civic) Education<\/a><\/li><li><a href=\"https:\/\/civilresilience.net\/en\/code-vorurteil-m-adeoso-e-berendsen-l-fischer-d-schnabel-hrsg-rezension\/\">Code &#038; Vorurteil &#8211; Adeoso\/Berendsen\/Fischer\/Schnabel (Hrsg.) &#8211; Rezension<\/a><\/li><li><a href=\"https:\/\/civilresilience.net\/en\/beitrag-daten-zu-antisemitismus\/\">Beitrag: Daten zu Antisemitismus<\/a><\/li><li><a href=\"https:\/\/civilresilience.net\/en\/demokratie-als-kompetenz\/\">Article: Democracy as a Competence: Overview over European Competence Frameworks from the Perspective of Citizenship Education<\/a><\/li><li><a href=\"https:\/\/civilresilience.net\/en\/beitrag-europaeische-digitalpolitik-strategie-rahmungen-und-projekte-der-eu\/\">Article: European Digital Policy. EU Strategy, Frameworks and Projects<\/a><\/li><li><a href=\"https:\/\/civilresilience.net\/en\/antisemitismuskritische-bildung\/\">Beitrag: Antisemitismuskritische Bildung<\/a><\/li><li><a href=\"https:\/\/civilresilience.net\/en\/digitalisierung-beschleunigung-und-technologische-perspektive-in-der-jugendbildung\/\">Digitalisierung, Beschleunigung und technologische Perspektive in der Jugendbildung<\/a><\/li><li><a href=\"https:\/\/civilresilience.net\/en\/beitrag-zukunftskompetenzen\/\">Beitrag: Zukunftskompetenzen<\/a><\/li><li><a href=\"https:\/\/civilresilience.net\/en\/transversal-competences-linking-citizenship-and-employability\/\">Transversal Competences: Linking Citizenship and Employability.<\/a><\/li><li><a href=\"https:\/\/civilresilience.net\/en\/digitalisierung-und-politische-bildung\/\">Digitalisierung und politische Bildung<\/a><\/li><li><a href=\"https:\/\/civilresilience.net\/en\/elm-magazine-adult-education-and-civil-society-organisations-learning-spaces-in-times-of-democratic-turbulence\/\">ELM Magazine: Adult education and civil society organisations: Learning spaces in times of democratic turbulence<\/a><\/li><li><a href=\"https:\/\/civilresilience.net\/en\/lehren-und-lernen-mit-digitaler-software-worauf-kommt-es-an\/\">Teaching and Learning with Digital Software \u2013 What Matters? Bundeskongress politische Bildung 2023<\/a><\/li><li><a href=\"https:\/\/civilresilience.net\/en\/civil-society-trust-in-digital-transformation\/\">The Contribution of Civil Society for Trust in the Digital Transformation<\/a><\/li><li><a href=\"https:\/\/civilresilience.net\/en\/zwischen-partizipationsversprechen-und-algorithmenmacht-jan-hinrik-schmidt-rezension\/\">Zwischen Partizipationsversprechen und Algorithmenmacht &#8211; Jan-Hinrik Schmidt &#8211; Rezension<\/a><\/li><li><a href=\"https:\/\/civilresilience.net\/en\/digitaler-wandel-betrifft-uns-alle\/\">Digitaler Wandel betrifft uns alle \u2013 Interview zum Projekt DIGIT-AL<\/a><\/li><li><a href=\"https:\/\/civilresilience.net\/en\/bildung-und-digitalisierung\/\">Bildung und Digitalisierung \u2013 Rezension<\/a><\/li><li><a href=\"https:\/\/civilresilience.net\/en\/conceptions-of-digital-competence-from-the-perspective-of-democracy-related-civic-education\/\">Conceptions of digital competence from the perspective of democracy-related (civic) education<\/a><\/li><li><a href=\"https:\/\/civilresilience.net\/en\/medienpaedagogische-perspektiven-fuer-die-digitale-gesellschaft-rezension\/\">Zwischen Utopie und Dystopie &#8211; Rezension<\/a><\/li><li><a href=\"https:\/\/civilresilience.net\/en\/how-to-use-competence-frameworks\/\">How to use competence frameworks?<\/a><\/li><li><a href=\"https:\/\/civilresilience.net\/en\/we-need-rights-based-education-about-digitalisation\/\">&#8220;We need rights-based learning about digitalisation&#8221;<\/a><\/li><li><a href=\"https:\/\/civilresilience.net\/en\/digitale-kompetenz\/\">Digitale Kompetenz<\/a><\/li><li><a href=\"https:\/\/civilresilience.net\/en\/interview-about-smart-devices-with-afp\/\">Interview about smart devices (with AFP, Jan 2022)<\/a><\/li><li><a href=\"https:\/\/civilresilience.net\/en\/umwelt-und-digitalisierung\/\">Digitalisation and the Environment<\/a><\/li><li><a href=\"https:\/\/civilresilience.net\/en\/proactivity-civil-engagement-entrepreneurship-for-a-common-pedagogy\/\">Proactivity, civil engagement, entrepreneurship \u2013 for a common pedagogy.<\/a><\/li><li><a href=\"https:\/\/civilresilience.net\/en\/digital-transformation-imagery\/\">Bilder von der Digitalisierung &#8211; ver\u00e4ndern?<\/a><\/li><li><a href=\"https:\/\/civilresilience.net\/en\/expanding-the-pedagogy-of-the-digital\/\">Expanding the Pedagogy of the Digital<\/a><\/li><li><a href=\"https:\/\/civilresilience.net\/en\/im-zweifel-gegen-die-demokratie-zum-konspirativen-denken\/\">Im Zweifel? Gegen die Demokratie. Zum konspirativen Denken.<\/a><\/li><li><a href=\"https:\/\/civilresilience.net\/en\/politische-bildung-und-die-digitale-transformation-der-arbeitswelt\/\">Politische Bildung und die digitale Transformation der Arbeitswelt<\/a><\/li><li><a href=\"https:\/\/civilresilience.net\/en\/das-digitale-selbst-politische-bildung\/\">The Digital Self. Impact of Digitalisation on Personal Identity<\/a><\/li><li><a href=\"https:\/\/civilresilience.net\/en\/shoshana-zuboff-das-zeitalter-des-ueberwachungskapitalismus\/\">Shoshana Zuboff: Das Zeitalter des \u00dcber&shy;wachungs&shy;kapitalismus<\/a><\/li><li><a href=\"https:\/\/civilresilience.net\/en\/the-urban-commons-as-a-resilient-space-for-democracy\/\">The Urban Commons as a Resilient Space for Democracy<\/a><\/li><li><a href=\"https:\/\/civilresilience.net\/en\/democratic-resilience-csos-as-key-actors\/\">Democratic Resilience: Civil Society Organisations as Key Actors.<\/a><\/li><li><a href=\"https:\/\/civilresilience.net\/en\/anerkennung-von-non-formalen-und-informellen-kompetenzen-kompetenzen-bilanzieren\/\">Anerkennung von non-formalen und informellen Kompetenzen: Kompetenzen bilanzieren<\/a><\/li><li><a href=\"https:\/\/civilresilience.net\/en\/lebenslang-lernen\/\">Lebenslang Lernen: Menschen bef\u00e4higen, Autorenschaft f\u00fcr ihre Lernbiographie zu \u00fcbernehmen<\/a><\/li><li><a href=\"https:\/\/civilresilience.net\/en\/ngos-und-unternehmen-als-lernorte-fuer-demokratie\/\">NGOs und Unternehmen als Lernorte f\u00fcr Demokratie<\/a><\/li><li><a href=\"https:\/\/civilresilience.net\/en\/brauchen-wir-civic-competencies-2-0\/\">Engagement als Schl\u00fcsselkompetenz konsequent f\u00f6rdern: Civic Competencies 2.0<\/a><\/li><li><a href=\"https:\/\/civilresilience.net\/en\/zivilgesellschaft-und-digitaler-ungehorsam\/\">Zivilgesellschaft und digitaler Ungehorsam<\/a><\/li><li><a href=\"https:\/\/civilresilience.net\/en\/europa-und-die-digitalen-buergerrechte\/\">Europa und die digitalen B\u00fcrgerrechte<\/a><\/li><\/ul>\n\n\n\n<hr class=\"wp-block-separator has-css-opacity\"\/>\n\n\n<div class=\"wp-block-image\">\n<figure class=\"aligncenter is-resized\"><img loading=\"lazy\" decoding=\"async\" src=\"http:\/\/civilresilience.net\/wp-content\/uploads\/2019\/05\/competendoipmsofia2018-2-700x1057.jpg\" alt=\"\" class=\"wp-image-1435\" width=\"700\" height=\"1057\"\/><figcaption class=\"wp-element-caption\">F: <a target=\"_blank\" href=\"http:\/\/competendo.net\" rel=\"noopener noreferrer\">www.competendo.net<\/a><\/figcaption><\/figure>\n<\/div>","protected":false},"excerpt":{"rendered":"<p>Now and then I contribute to the German platform politischbilden.de,the German Fachzeitschrift f\u00fcr au\u00dferschulische Bildung (reviews and articles),the Digital Toolbox Competendo for civic education and democracy-related learning. Articles<\/p>\n","protected":false},"author":1,"featured_media":0,"parent":0,"menu_order":0,"comment_status":"closed","ping_status":"closed","template":"","meta":{"footnotes":""},"class_list":["post-292","page","type-page","status-publish","hentry"],"_links":{"self":[{"href":"https:\/\/civilresilience.net\/en\/wp-json\/wp\/v2\/pages\/292","targetHints":{"allow":["GET"]}}],"collection":[{"href":"https:\/\/civilresilience.net\/en\/wp-json\/wp\/v2\/pages"}],"about":[{"href":"https:\/\/civilresilience.net\/en\/wp-json\/wp\/v2\/types\/page"}],"author":[{"embeddable":true,"href":"https:\/\/civilresilience.net\/en\/wp-json\/wp\/v2\/users\/1"}],"replies":[{"embeddable":true,"href":"https:\/\/civilresilience.net\/en\/wp-json\/wp\/v2\/comments?post=292"}],"version-history":[{"count":0,"href":"https:\/\/civilresilience.net\/en\/wp-json\/wp\/v2\/pages\/292\/revisions"}],"wp:attachment":[{"href":"https:\/\/civilresilience.net\/en\/wp-json\/wp\/v2\/media?parent=292"}],"curies":[{"name":"wp","href":"https:\/\/api.w.org\/{rel}","templated":true}]}}